{"id":144,"date":"2024-03-13T16:40:06","date_gmt":"2024-03-13T15:40:06","guid":{"rendered":"https:\/\/monsieursport.be\/?page_id=144"},"modified":"2024-03-14T12:22:50","modified_gmt":"2024-03-14T11:22:50","slug":"jock-story","status":"publish","type":"page","link":"https:\/\/monsieursport.be\/index.php\/jock-story\/","title":{"rendered":"Jock story"},"content":{"rendered":"<p>[et_pb_section fb_built=&#8221;1&#8243; custom_padding_last_edited=&#8221;on|phone&#8221; admin_label=&#8221;Header&#8221; _builder_version=&#8221;4.23.4&#8243; background_color=&#8221;#2a2e40&#8243; use_background_color_gradient=&#8221;on&#8221; background_color_gradient_type=&#8221;circular&#8221; background_color_gradient_stops=&#8221;rgba(42,46,64,0.56) 0%|#151721 100%&#8221; background_color_gradient_overlays_image=&#8221;on&#8221; background_color_gradient_start=&#8221;rgba(42,46,64,0.56)&#8221; background_color_gradient_end=&#8221;#151721&#8243; background_image=&#8221;https:\/\/monsieursport.be\/wp-content\/uploads\/2024\/03\/DSCF4283-scaled.jpg&#8221; custom_padding=&#8221;0px||0px|50%|false|false&#8221; custom_padding_tablet=&#8221;0vw|||30%&#8221; custom_padding_phone=&#8221;0vw|||0%&#8221; global_colors_info=&#8221;{}&#8221; box_shadow_style__hover=&#8221;none&#8221; box_shadow_style__hover_enabled=&#8221;none&#8221; box_shadow_color__hover=&#8221;rgba(0,0,0,0.3)&#8221; box_shadow_color__hover_enabled=&#8221;rgba(0,0,0,0.3)&#8221;][et_pb_row custom_padding_last_edited=&#8221;off|desktop&#8221; _builder_version=&#8221;4.16&#8243; background_color=&#8221;#ffffff&#8221; width=&#8221;100%&#8221; max_width=&#8221;100%&#8221; custom_padding=&#8221;80px|10%||10%|false|true&#8221; custom_padding_tablet=&#8221;||40px|0%&#8221; use_custom_width=&#8221;on&#8221; width_unit=&#8221;off&#8221; custom_width_percent=&#8221;100%&#8221; global_colors_info=&#8221;{}&#8221;][et_pb_column type=&#8221;4_4&#8243; _builder_version=&#8221;4.16&#8243; custom_padding=&#8221;|||&#8221; global_colors_info=&#8221;{}&#8221; custom_padding__hover=&#8221;|||&#8221;][et_pb_menu menu_style=&#8221;centered&#8221; menu_icon_color=&#8221;#d8a200&#8243; _builder_version=&#8221;4.23.4&#8243; _module_preset=&#8221;default&#8221; global_colors_info=&#8221;{}&#8221;][\/et_pb_menu][et_pb_text _builder_version=&#8221;4.23.4&#8243; text_font=&#8221;||||||||&#8221; ul_font=&#8221;||||||||&#8221; ol_font=&#8221;||||||||&#8221; header_font=&#8221;Oswald|300||on|||||&#8221; header_font_size=&#8221;7vw&#8221; header_letter_spacing=&#8221;0.35em&#8221; header_line_height=&#8221;1.2em&#8221; header_2_font=&#8221;||||||||&#8221; header_3_font=&#8221;Oswald|||on|||||&#8221; header_3_font_size=&#8221;12px&#8221; header_3_letter_spacing=&#8221;1.5em&#8221; header_3_line_height=&#8221;2.4em&#8221; header_4_font=&#8221;||||||||&#8221; header_5_font=&#8221;||||||||&#8221; header_6_font=&#8221;||||||||&#8221; text_orientation=&#8221;center&#8221; animation_style=&#8221;slide&#8221; animation_direction=&#8221;right&#8221; animation_duration=&#8221;2000ms&#8221; animation_intensity_slide=&#8221;2%&#8221; header_font_size_tablet=&#8221;40px&#8221; header_font_size_phone=&#8221;30px&#8221; header_font_size_last_edited=&#8221;on|phone&#8221; header_letter_spacing_tablet=&#8221;10px&#8221; header_letter_spacing_phone=&#8221;7px&#8221; header_letter_spacing_last_edited=&#8221;off|desktop&#8221; header_line_height_tablet=&#8221;1.5em&#8221; header_line_height_phone=&#8221;1.5em&#8221; header_line_height_last_edited=&#8221;on|phone&#8221; header_3_font_size_tablet=&#8221;10px&#8221; header_3_font_size_phone=&#8221;10px&#8221; header_3_font_size_last_edited=&#8221;on|desktop&#8221; header_3_letter_spacing_tablet=&#8221;&#8221; header_3_letter_spacing_phone=&#8221;3px&#8221; header_3_letter_spacing_last_edited=&#8221;on|phone&#8221; global_colors_info=&#8221;{}&#8221;]<\/p>\n<h3>notre marque<\/h3>\n<h1>Jock story<\/h1>\n<p>[\/et_pb_text][\/et_pb_column][\/et_pb_row][et_pb_row use_custom_gutter=&#8221;on&#8221; gutter_width=&#8221;1&#8243; _builder_version=&#8221;4.16&#8243; background_color=&#8221;#ffffff&#8221; width=&#8221;100%&#8221; max_width=&#8221;100%&#8221; custom_padding=&#8221;19px|47px|19px|70px|true|&#8221; use_custom_width=&#8221;on&#8221; width_unit=&#8221;off&#8221; custom_width_percent=&#8221;100%&#8221; global_colors_info=&#8221;{}&#8221;][et_pb_column type=&#8221;4_4&#8243; _builder_version=&#8221;4.16&#8243; custom_padding=&#8221;|||&#8221; global_colors_info=&#8221;{}&#8221; custom_padding__hover=&#8221;|||&#8221;][et_pb_text _builder_version=&#8221;4.23.4&#8243; _module_preset=&#8221;default&#8221; text_orientation=&#8221;center&#8221; global_colors_info=&#8221;{}&#8221;]<\/p>\n<p>Jock Story est une marque fond\u00e9e par Florian. En 2019, il entame la cr\u00e9ation de sa propre salle de sport, The Lab \u00e0 Lasne, qu\u2019il cofonde avec son associ\u00e9 et qu\u2019il arrive \u00e0 convaincre de le laisser l\u2019am\u00e9nager et la d\u00e9corer enti\u00e8rement selon ses envies. La crise du Covid a mis en avant de nouvelles habitudes sportives au sein de la population. De nombreuses personnes, priv\u00e9es d\u2019acc\u00e8s aux salles de fitness d\u00e9cident qu\u2019avoir une salle de sport \u00e0 domicile devient un facteur important dans le cas d\u2019un achat immobilier. D\u2019ailleurs, la qualit\u00e9 et le design du mat\u00e9riel d\u2019entrainement devient un v\u00e9ritable enjeu de d\u00e9coration avec la possibilit\u00e9 de cr\u00e9er une pi\u00e8ce parfaitement chaleureuse mais aussi fonctionnelle. Le secteur s\u2019aper\u00e7oit aujourd\u2019hui encore malgr\u00e9 la r\u00e9ouverture des salles de sports, que ces habitudes sportives \u00e0 domicile restent d\u2019actualit\u00e9. Les personnes ayant leur propre salle de sport font souvent appel \u00e0 un personal trainer \u00e0 domicile. Rajoutons que de plus en plus de r\u00e9sidences voient le jour et que nombreuses de ces entit\u00e9s ne se voient pas offrir la possibilit\u00e9 d\u2019une salle de sport, directement au sein de leurs services. L\u2019ensemble de ces \u00e9l\u00e9ments ont pouss\u00e9 Florian a cr\u00e9er Jock Story.<\/p>\n<p>[\/et_pb_text][et_pb_text _builder_version=&#8221;4.23.4&#8243; _module_preset=&#8221;default&#8221; custom_padding=&#8221;20px|||||&#8221; global_colors_info=&#8221;{}&#8221;]<\/p>\n<p style=\"text-align: center;\">Jock story est une soci\u00e9t\u00e9 d\u2019am\u00e9nagement de salle de sport \u00e0 domicile ou en r\u00e9sidence pour particulier et professionnel ainsi que la dispense de s\u00e9ance d\u2019entrainement individuelle ou en groupe. Nos clients sont des entrepreneurs du secteurs du sport d\u00e9sirant ouvrir un local d\u2019exploitation, des soci\u00e9t\u00e9s souhaitant proposer un service suppl\u00e9mentaire \u00e0 leurs employ\u00e9s en offrant la possibilit\u00e9 d\u2019avoir une activit\u00e9 physique sur leur lieu de travail mais aussi des particuliers sportifs ayant l\u2019envie de pouvoir s\u2019entrainer dans les meilleures conditions directement depuis leur domicile.<\/p>\n<p>[\/et_pb_text][et_pb_text _builder_version=&#8221;4.23.4&#8243; _module_preset=&#8221;default&#8221; custom_padding=&#8221;22px|||||&#8221; global_colors_info=&#8221;{}&#8221;]<\/p>\n<p>Notre expertise s\u2019\u00e9tend au-del\u00e0 de simplement conseiller nos clients particuliers sur du mat\u00e9riel. Nos connaissances de l\u2019entrainement et des pathologies nous permettent de conseiller nos clients sur le choix optimal de mat\u00e9riel en fonction de leurs objectifs, de leur \u00e9tat de forme et \u00e9ventuellement, de leurs pathologies.<\/p>\n<p style=\"text-align: center;\">Nos partenariats avec 4 fournisseurs haut de gamme et professionnels nous permettent de proposer une gamme de mat\u00e9riel pour tout niveau et tout type d\u2019ambiance que l\u2019on d\u00e9sire donner \u00e0 la pi\u00e8ce.<\/p>\n<p>[\/et_pb_text][et_pb_text _builder_version=&#8221;4.23.4&#8243; _module_preset=&#8221;default&#8221; custom_margin=&#8221;||18px|||&#8221; custom_padding=&#8221;24px|||||&#8221; global_colors_info=&#8221;{}&#8221;]<\/p>\n<p>Nous nous chargeons bien entendu de la commande aupr\u00e8s des fournisseurs, de la gestion de la livraison et de l\u2019installation.<\/p>\n<p style=\"text-align: center;\">Enfin, dans le cadre de nos services aux particuliers, nous proposons \u00e9galement un suivi complet avec l\u2019un de nos personal trainer afin de former nos clients \u00e0 l\u2019utilisation de leur nouvelle salle d\u2019entrainement ainsi que la possibilit\u00e9 de dispenser selon un horaire fixe des s\u00e9ances de groupe \u00e0 votre public.<\/p>\n<p>[\/et_pb_text][et_pb_button button_url=&#8221;https:\/\/monsieursport.be\/index.php\/contact\/&#8221; button_text=&#8221;contact&#8221; button_alignment=&#8221;center&#8221; _builder_version=&#8221;4.23.4&#8243; custom_button=&#8221;on&#8221; button_text_size=&#8221;16px&#8221; button_text_color=&#8221;#000000&#8243; button_bg_color=&#8221;rgba(0,0,0,0)&#8221; button_border_width=&#8221;0px&#8221; button_border_radius=&#8221;0px&#8221; button_letter_spacing=&#8221;5px&#8221; button_font=&#8221;Oswald|500||on|||||&#8221; button_use_icon=&#8221;off&#8221; custom_margin=&#8221;||19px|||&#8221; custom_padding=&#8221;18px||18px||true|&#8221; box_shadow_style=&#8221;preset4&#8243; box_shadow_horizontal=&#8221;0px&#8221; box_shadow_vertical=&#8221;2px&#8221; box_shadow_color=&#8221;#d8a200&#8243; global_colors_info=&#8221;{}&#8221; button_bg_color__hover=&#8221;#ffffff&#8221; button_border_width__hover=&#8221;2px&#8221; button_text_color__hover=&#8221;#000000&#8243; button_border_color__hover=&#8221;#ffffff&#8221; box_shadow_vertical__hover_enabled=&#8221;on&#8221; box_shadow_vertical__hover=&#8221;8px&#8221;][\/et_pb_button][\/et_pb_column][\/et_pb_row][et_pb_row column_structure=&#8221;1_3,1_3,1_3&#8243; use_custom_gutter=&#8221;on&#8221; gutter_width=&#8221;1&#8243; custom_padding_last_edited=&#8221;off|desktop&#8221; _builder_version=&#8221;4.23.4&#8243; background_color=&#8221;#d8a200&#8243; width=&#8221;100%&#8221; max_width=&#8221;100%&#8221; custom_margin=&#8221;0px|auto||auto||&#8221; custom_padding=&#8221;60px|40px||40px||true&#8221; custom_padding_tablet=&#8221;||40px|0%&#8221; use_custom_width=&#8221;on&#8221; width_unit=&#8221;off&#8221; custom_width_percent=&#8221;100%&#8221; global_colors_info=&#8221;{}&#8221; background_color__hover=&#8221;#ea1e1e&#8221;][et_pb_column type=&#8221;1_3&#8243; _builder_version=&#8221;4.16&#8243; custom_padding=&#8221;|||&#8221; global_colors_info=&#8221;{}&#8221; custom_padding__hover=&#8221;|||&#8221;][et_pb_image src=&#8221;https:\/\/monsieursport.be\/wp-content\/uploads\/2024\/03\/TheLab-127.jpg&#8221; title_text=&#8221;TheLab-127&#8243; _builder_version=&#8221;4.23.4&#8243; _module_preset=&#8221;default&#8221; global_colors_info=&#8221;{}&#8221;][\/et_pb_image][\/et_pb_column][et_pb_column type=&#8221;1_3&#8243; _builder_version=&#8221;4.16&#8243; custom_padding=&#8221;|||&#8221; global_colors_info=&#8221;{}&#8221; custom_padding__hover=&#8221;|||&#8221;][et_pb_image src=&#8221;https:\/\/monsieursport.be\/wp-content\/uploads\/2024\/03\/DSCF4298-scaled.jpg&#8221; title_text=&#8221;DSCF4298&#8243; _builder_version=&#8221;4.23.4&#8243; _module_preset=&#8221;default&#8221; custom_margin=&#8221;38px||41px|||&#8221; global_colors_info=&#8221;{}&#8221;][\/et_pb_image][\/et_pb_column][et_pb_column type=&#8221;1_3&#8243; _builder_version=&#8221;4.16&#8243; custom_padding=&#8221;|||&#8221; global_colors_info=&#8221;{}&#8221; custom_padding__hover=&#8221;|||&#8221;][et_pb_image src=&#8221;https:\/\/monsieursport.be\/wp-content\/uploads\/2024\/03\/DSCF4283-scaled.jpg&#8221; title_text=&#8221;DSCF4283&#8243; _builder_version=&#8221;4.23.4&#8243; _module_preset=&#8221;default&#8221; global_colors_info=&#8221;{}&#8221;][\/et_pb_image][\/et_pb_column][\/et_pb_row][\/et_pb_section]<\/p>\n","protected":false},"excerpt":{"rendered":"<p>notre marque Jock storyJock Story est une marque fond\u00e9e par Florian. En 2019, il entame la cr\u00e9ation de sa propre salle de sport, The Lab \u00e0 Lasne, qu\u2019il cofonde avec son associ\u00e9 et qu\u2019il arrive \u00e0 convaincre de le laisser l\u2019am\u00e9nager et la d\u00e9corer enti\u00e8rement selon ses envies. La crise du Covid a mis en [&hellip;]<\/p>\n","protected":false},"author":3,"featured_media":0,"parent":0,"menu_order":0,"comment_status":"closed","ping_status":"closed","template":"page-template-blank.php","meta":{"_et_pb_use_builder":"on","_et_pb_old_content":"","_et_gb_content_width":"","footnotes":""},"_links":{"self":[{"href":"https:\/\/monsieursport.be\/index.php\/wp-json\/wp\/v2\/pages\/144"}],"collection":[{"href":"https:\/\/monsieursport.be\/index.php\/wp-json\/wp\/v2\/pages"}],"about":[{"href":"https:\/\/monsieursport.be\/index.php\/wp-json\/wp\/v2\/types\/page"}],"author":[{"embeddable":true,"href":"https:\/\/monsieursport.be\/index.php\/wp-json\/wp\/v2\/users\/3"}],"replies":[{"embeddable":true,"href":"https:\/\/monsieursport.be\/index.php\/wp-json\/wp\/v2\/comments?post=144"}],"version-history":[{"count":9,"href":"https:\/\/monsieursport.be\/index.php\/wp-json\/wp\/v2\/pages\/144\/revisions"}],"predecessor-version":[{"id":171,"href":"https:\/\/monsieursport.be\/index.php\/wp-json\/wp\/v2\/pages\/144\/revisions\/171"}],"wp:attachment":[{"href":"https:\/\/monsieursport.be\/index.php\/wp-json\/wp\/v2\/media?parent=144"}],"curies":[{"name":"wp","href":"https:\/\/api.w.org\/{rel}","templated":true}]}}